{"id":24,"date":"2025-07-02T04:51:12","date_gmt":"2025-07-02T04:51:12","guid":{"rendered":"https:\/\/m2.xn--broreise-65a.ch\/?page_id=24"},"modified":"2025-07-16T11:58:00","modified_gmt":"2025-07-16T11:58:00","slug":"mein-programm","status":"publish","type":"page","link":"https:\/\/m2.xn--broreise-65a.ch\/?page_id=24","title":{"rendered":"Mein Programm"},"content":{"rendered":"\n<p>Zimmereinteilung<\/p>\n\n\n\n<table id=\"tablepress-1\" class=\"tablepress tablepress-id-1\">\n<thead>\n<tr class=\"row-1\">\n\t<th class=\"column-1\">Wer<\/th><th class=\"column-2\">Zimmer<\/th><th class=\"column-3\">mit<\/th>\n<\/tr>\n<\/thead>\n<tbody>\n<tr class=\"row-2\">\n\t<td class=\"column-1\">BO<\/td><td class=\"column-2\">EZ<\/td><td class=\"column-3\">&#8211;<\/td>\n<\/tr>\n<tr class=\"row-3\">\n\t<td class=\"column-1\">GOS<\/td><td class=\"column-2\">DZ<\/td><td class=\"column-3\">MTA<\/td>\n<\/tr>\n<tr class=\"row-4\">\n\t<td class=\"column-1\">FBI<\/td><td class=\"column-2\">DZ<\/td><td class=\"column-3\">LGL<\/td>\n<\/tr>\n<tr class=\"row-5\">\n\t<td class=\"column-1\">JOS<\/td><td class=\"column-2\">DZ<\/td><td class=\"column-3\">FLN<\/td>\n<\/tr>\n<tr class=\"row-6\">\n\t<td class=\"column-1\">DES<\/td><td class=\"column-2\">DZ<\/td><td class=\"column-3\">SEC<\/td>\n<\/tr>\n<tr class=\"row-7\">\n\t<td class=\"column-1\">MFO<\/td><td class=\"column-2\">EZ<\/td><td class=\"column-3\"><\/td>\n<\/tr>\n<tr class=\"row-8\">\n\t<td class=\"column-1\">FFR<\/td><td class=\"column-2\">DZ<\/td><td class=\"column-3\">GYA<\/td>\n<\/tr>\n<tr class=\"row-9\">\n\t<td class=\"column-1\">ABA<\/td><td class=\"column-2\">EZ<\/td><td class=\"column-3\"><\/td>\n<\/tr>\n<tr class=\"row-10\">\n\t<td class=\"column-1\">HCH<\/td><td class=\"column-2\">EZ<\/td><td class=\"column-3\"><\/td>\n<\/tr>\n<tr class=\"row-11\">\n\t<td class=\"column-1\">OLB<\/td><td class=\"column-2\">EZ<\/td><td class=\"column-3\"><\/td>\n<\/tr>\n<tr class=\"row-12\">\n\t<td class=\"column-1\">URK<\/td><td class=\"column-2\">EZ<\/td><td class=\"column-3\"><\/td>\n<\/tr>\n<tr class=\"row-13\">\n\t<td class=\"column-1\">MKN<\/td><td class=\"column-2\">EZ<\/td><td class=\"column-3\"><\/td>\n<\/tr>\n<tr class=\"row-14\">\n\t<td class=\"column-1\">SLO<\/td><td class=\"column-2\">EZ<\/td><td class=\"column-3\"><\/td>\n<\/tr>\n<tr class=\"row-15\">\n\t<td class=\"column-1\">MEU<\/td><td class=\"column-2\">EZ<\/td><td class=\"column-3\"><\/td>\n<\/tr>\n<tr class=\"row-16\">\n\t<td class=\"column-1\">ARG<\/td><td class=\"column-2\">DZ<\/td><td class=\"column-3\">RTR<\/td>\n<\/tr>\n<tr class=\"row-17\">\n\t<td class=\"column-1\">KSE<\/td><td class=\"column-2\">EZ<\/td><td class=\"column-3\"><\/td>\n<\/tr>\n<tr class=\"row-18\">\n\t<td class=\"column-1\">CVE<\/td><td class=\"column-2\">EZ<\/td><td class=\"column-3\"><\/td>\n<\/tr>\n<tr class=\"row-19\">\n\t<td class=\"column-1\">SWO<\/td><td class=\"column-2\">EZ<\/td><td class=\"column-3\"><\/td>\n<\/tr>\n<tr class=\"row-20\">\n\t<td class=\"column-1\">MWA<\/td><td class=\"column-2\">DZ<\/td><td class=\"column-3\">ARS<\/td>\n<\/tr>\n<tr class=\"row-21\">\n\t<td class=\"column-1\">MWY<\/td><td class=\"column-2\">EZ<\/td><td class=\"column-3\"><\/td>\n<\/tr>\n<\/tbody>\n<\/table>\n<!-- #tablepress-1 from cache -->\n\n\n<p>Abendessen Donnerstag<\/p>\n\n\n\n<table id=\"tablepress-2\" class=\"tablepress tablepress-id-2\">\n<thead>\n<tr class=\"row-1\">\n\t<th class=\"column-1\">Wer<\/th><th class=\"column-2\">Vorspeise<\/th><th class=\"column-3\">Hauptgang<\/th><th class=\"column-4\">Nachtisch<\/th>\n<\/tr>\n<\/thead>\n<tbody class=\"row-striping row-hover\">\n<tr class=\"row-2\">\n\t<td class=\"column-1\">BO<\/td><td class=\"column-2\">Salade du march\u00e9<\/td><td class=\"column-3\">Magret de canard<\/td><td class=\"column-4\">Tiramisu maison<\/td>\n<\/tr>\n<tr class=\"row-3\">\n\t<td class=\"column-1\">GOS<\/td><td class=\"column-2\">Salade du march\u00e9<\/td><td class=\"column-3\">Magret de canard<\/td><td class=\"column-4\">Tiramisu maison<\/td>\n<\/tr>\n<tr class=\"row-4\">\n\t<td class=\"column-1\">JOS<\/td><td class=\"column-2\">Salade du march\u00e9<\/td><td class=\"column-3\">Magret de canard<\/td><td class=\"column-4\">Tiramisu maison<\/td>\n<\/tr>\n<tr class=\"row-5\">\n\t<td class=\"column-1\">DES<\/td><td class=\"column-2\">Salade du march\u00e9<\/td><td class=\"column-3\">Loup de mer<\/td><td class=\"column-4\">Tiramisu maison<\/td>\n<\/tr>\n<tr class=\"row-6\">\n\t<td class=\"column-1\">MFO<\/td><td class=\"column-2\">Salade du march\u00e9<\/td><td class=\"column-3\">Loup de mer<\/td><td class=\"column-4\">Tiramisu maison<\/td>\n<\/tr>\n<tr class=\"row-7\">\n\t<td class=\"column-1\">FFR<\/td><td class=\"column-2\">Salade du march\u00e9<\/td><td class=\"column-3\">Loup de mer<\/td><td class=\"column-4\">Tiramisu maison<\/td>\n<\/tr>\n<tr class=\"row-8\">\n\t<td class=\"column-1\">MKN<\/td><td class=\"column-2\">Salade du march\u00e9<\/td><td class=\"column-3\">Magret de canard<\/td><td class=\"column-4\">Tiramisu maison<\/td>\n<\/tr>\n<tr class=\"row-9\">\n\t<td class=\"column-1\">SLO<\/td><td class=\"column-2\">Salade du march\u00e9<\/td><td class=\"column-3\">Magret de canard<\/td><td class=\"column-4\">Tiramisu maison<\/td>\n<\/tr>\n<tr class=\"row-10\">\n\t<td class=\"column-1\">MEU<\/td><td class=\"column-2\">Salade du march\u00e9<\/td><td class=\"column-3\">Magret de canard (Spez.)<\/td><td class=\"column-4\">Tiramisu maison<\/td>\n<\/tr>\n<tr class=\"row-11\">\n\t<td class=\"column-1\">FLN<\/td><td class=\"column-2\">Salade du march\u00e9<\/td><td class=\"column-3\">Magret de canard<\/td><td class=\"column-4\">Tiramisu maison<\/td>\n<\/tr>\n<tr class=\"row-12\">\n\t<td class=\"column-1\">ARG<\/td><td class=\"column-2\">Salade du march\u00e9<\/td><td class=\"column-3\">Magret de canard<\/td><td class=\"column-4\">Tiramisu maison<\/td>\n<\/tr>\n<tr class=\"row-13\">\n\t<td class=\"column-1\">KSE<\/td><td class=\"column-2\">Salade du march\u00e9<\/td><td class=\"column-3\">Brochette de l\u00e9gumes grill\u00e9s \u00e0 l\u2019italienne<\/td><td class=\"column-4\">Tiramisu maison<\/td>\n<\/tr>\n<tr class=\"row-14\">\n\t<td class=\"column-1\">MTA<\/td><td class=\"column-2\">Salade du march\u00e9<\/td><td class=\"column-3\">Brochette de l\u00e9gumes grill\u00e9s \u00e0 l\u2019italienne<\/td><td class=\"column-4\">Tiramisu maison<\/td>\n<\/tr>\n<tr class=\"row-15\">\n\t<td class=\"column-1\">RTR<\/td><td class=\"column-2\">Salade du march\u00e9<\/td><td class=\"column-3\">Magret de canard<\/td><td class=\"column-4\">Tiramisu maison<\/td>\n<\/tr>\n<tr class=\"row-16\">\n\t<td class=\"column-1\">CVE<\/td><td class=\"column-2\">Salade du march\u00e9<\/td><td class=\"column-3\">Magret de canard<\/td><td class=\"column-4\">Tiramisu maison<\/td>\n<\/tr>\n<tr class=\"row-17\">\n\t<td class=\"column-1\">SWO<\/td><td class=\"column-2\">Salade du march\u00e9<\/td><td class=\"column-3\">Magret de canard<\/td><td class=\"column-4\">Tiramisu maison<\/td>\n<\/tr>\n<tr class=\"row-18\">\n\t<td class=\"column-1\">MWA<\/td><td class=\"column-2\">Salade du march\u00e9<\/td><td class=\"column-3\">Brochette de l\u00e9gumes grill\u00e9s \u00e0 l\u2019italienne<\/td><td class=\"column-4\">Tiramisu maison<\/td>\n<\/tr>\n<tr class=\"row-19\">\n\t<td class=\"column-1\">SEC<\/td><td class=\"column-2\">Salade du march\u00e9<\/td><td class=\"column-3\">Magret de canard<\/td><td class=\"column-4\">Tiramisu maison<\/td>\n<\/tr>\n<tr class=\"row-20\">\n\t<td class=\"column-1\">ARS<\/td><td class=\"column-2\">Salade du march\u00e9<\/td><td class=\"column-3\">Brochette de l\u00e9gumes grill\u00e9s \u00e0 l\u2019italienne<\/td><td class=\"column-4\">Tiramisu maison<\/td>\n<\/tr>\n<tr class=\"row-21\">\n\t<td class=\"column-1\">ABA<\/td><td class=\"column-2\">Salade du march\u00e9<\/td><td class=\"column-3\">Loup de mer<\/td><td class=\"column-4\">Tiramisu maison<\/td>\n<\/tr>\n<tr class=\"row-22\">\n\t<td class=\"column-1\">URK<\/td><td class=\"column-2\">Salade du march\u00e9<\/td><td class=\"column-3\">Magret de canard<\/td><td class=\"column-4\">Tiramisu maison<\/td>\n<\/tr>\n<tr class=\"row-23\">\n\t<td class=\"column-1\">FBI<\/td><td class=\"column-2\">Salade du march\u00e9<\/td><td class=\"column-3\">Magret de canard<\/td><td class=\"column-4\">Tiramisu maison<\/td>\n<\/tr>\n<tr class=\"row-24\">\n\t<td class=\"column-1\">GYA<\/td><td class=\"column-2\">Salade du march\u00e9<\/td><td class=\"column-3\">Magret de canard<\/td><td class=\"column-4\">Tiramisu maison<\/td>\n<\/tr>\n<tr class=\"row-25\">\n\t<td class=\"column-1\">OLB<\/td><td class=\"column-2\">Salade du march\u00e9<\/td><td class=\"column-3\">Magret de canard<\/td><td class=\"column-4\">Tiramisu maison<\/td>\n<\/tr>\n<tr class=\"row-26\">\n\t<td class=\"column-1\">HCH<\/td><td class=\"column-2\">Salade du march\u00e9<\/td><td class=\"column-3\">Magret de canard<\/td><td class=\"column-4\">Tiramisu maison<\/td>\n<\/tr>\n<tr class=\"row-27\">\n\t<td class=\"column-1\">MWY<\/td><td class=\"column-2\">Salade du march\u00e9<\/td><td class=\"column-3\">Magret de canard<\/td><td class=\"column-4\">Tiramisu maison<\/td>\n<\/tr>\n<\/tbody>\n<\/table>\n<!-- #tablepress-2 from cache -->\n\n\n<p>Abendessen Freitag<\/p>\n\n\n\n<table id=\"tablepress-3\" class=\"tablepress tablepress-id-3\">\n<thead>\n<tr class=\"row-1\">\n\t<th class=\"column-1\">Wer<\/th><th class=\"column-2\">Vorspeise 1<\/th><th class=\"column-3\">Vorspeise 2<\/th><th class=\"column-4\">Hauptgang<\/th><th class=\"column-5\">Nachtisch<\/th>\n<\/tr>\n<\/thead>\n<tbody class=\"row-striping row-hover\">\n<tr class=\"row-2\">\n\t<td class=\"column-1\">BO<\/td><td class=\"column-2\">N\u00fcsslersalat mit Champignons an Himbeer Vinaigrette<\/td><td class=\"column-3\">K\u00fcrbis-Maist\u00e4tschli mit Tahini-Joghurtsauce und K\u00fcmmelreis<\/td><td class=\"column-4\">Rindsfilet Chateaubriand an Bearnaise Sauce mit Kartoffelgratin und Gem\u00fcse<\/td><td class=\"column-5\">Apfelstrudel mit Vanillesauce<\/td>\n<\/tr>\n<tr class=\"row-3\">\n\t<td class=\"column-1\">GOS<\/td><td class=\"column-2\">N\u00fcsslersalat mit Champignons an Himbeer Vinaigrette<\/td><td class=\"column-3\">K\u00fcrbis-Maist\u00e4tschli mit Tahini-Joghurtsauce und K\u00fcmmelreis<\/td><td class=\"column-4\">Rindsfilet Chateaubriand an Bearnaise Sauce mit Kartoffelgratin und Gem\u00fcse<\/td><td class=\"column-5\">Apfelstrudel mit Vanillesauce<\/td>\n<\/tr>\n<tr class=\"row-4\">\n\t<td class=\"column-1\">JOS<\/td><td class=\"column-2\">N\u00fcsslersalat mit Champignons an Himbeer Vinaigrette<\/td><td class=\"column-3\">K\u00fcrbis-Maist\u00e4tschli mit Tahini-Joghurtsauce und K\u00fcmmelreis<\/td><td class=\"column-4\">Rindsfilet Chateaubriand an Bearnaise Sauce mit Kartoffelgratin und Gem\u00fcse<\/td><td class=\"column-5\">Apfelstrudel mit Vanillesauce<\/td>\n<\/tr>\n<tr class=\"row-5\">\n\t<td class=\"column-1\">DES<\/td><td class=\"column-2\">N\u00fcsslersalat mit Champignons an Himbeer Vinaigrette<\/td><td class=\"column-3\">K\u00fcrbis-Maist\u00e4tschli mit Tahini-Joghurtsauce und K\u00fcmmelreis<\/td><td class=\"column-4\">Forellenfilet an Nantaise Sauce mit Kartoffeln und Gem\u00fcse<\/td><td class=\"column-5\">Apfelstrudel mit Vanillesauce<\/td>\n<\/tr>\n<tr class=\"row-6\">\n\t<td class=\"column-1\">MFO<\/td><td class=\"column-2\">N\u00fcsslersalat mit Champignons an Himbeer Vinaigrette<\/td><td class=\"column-3\">K\u00fcrbis-Maist\u00e4tschli mit Tahini-Joghurtsauce und K\u00fcmmelreis<\/td><td class=\"column-4\">Forellenfilet an Nantaise Sauce mit Kartoffeln und Gem\u00fcse<\/td><td class=\"column-5\">Apfelstrudel mit Vanillesauce<\/td>\n<\/tr>\n<tr class=\"row-7\">\n\t<td class=\"column-1\">FFR<\/td><td class=\"column-2\">N\u00fcsslersalat mit Champignons an Himbeer Vinaigrette<\/td><td class=\"column-3\">K\u00fcrbis-Maist\u00e4tschli mit Tahini-Joghurtsauce und K\u00fcmmelreis<\/td><td class=\"column-4\">Forellenfilet an Nantaise Sauce mit Kartoffeln und Gem\u00fcse<\/td><td class=\"column-5\">Apfelstrudel mit Vanillesauce<\/td>\n<\/tr>\n<tr class=\"row-8\">\n\t<td class=\"column-1\">MKN<\/td><td class=\"column-2\">N\u00fcsslersalat mit Champignons an Himbeer Vinaigrette<\/td><td class=\"column-3\">K\u00fcrbis-Maist\u00e4tschli mit Tahini-Joghurtsauce und K\u00fcmmelreis<\/td><td class=\"column-4\">Rindsfilet Chateaubriand an Bearnaise Sauce mit Kartoffelgratin und Gem\u00fcse<\/td><td class=\"column-5\">Apfelstrudel mit Vanillesauce<\/td>\n<\/tr>\n<tr class=\"row-9\">\n\t<td class=\"column-1\">SLO<\/td><td class=\"column-2\">N\u00fcsslersalat mit Champignons an Himbeer Vinaigrette<\/td><td class=\"column-3\">K\u00fcrbis-Maist\u00e4tschli mit Tahini-Joghurtsauce und K\u00fcmmelreis<\/td><td class=\"column-4\">Rindsfilet Chateaubriand an Bearnaise Sauce mit Kartoffelgratin und Gem\u00fcse<\/td><td class=\"column-5\">Apfelstrudel mit Vanillesauce<\/td>\n<\/tr>\n<tr class=\"row-10\">\n\t<td class=\"column-1\">MEU<\/td><td class=\"column-2\">N\u00fcsslersalat mit Champignons an Himbeer Vinaigrette<\/td><td class=\"column-3\">K\u00fcrbis-Maist\u00e4tschli mit Tahini-Joghurtsauce und K\u00fcmmelreis<\/td><td class=\"column-4\">Rindsfilet Chateaubriand an Bearnaise Sauce mit Kartoffelgratin und Gem\u00fcse<\/td><td class=\"column-5\">Apfelstrudel mit Vanillesauce<\/td>\n<\/tr>\n<tr class=\"row-11\">\n\t<td class=\"column-1\">FLN<\/td><td class=\"column-2\">N\u00fcsslersalat mit Champignons an Himbeer Vinaigrette<\/td><td class=\"column-3\">K\u00fcrbis-Maist\u00e4tschli mit Tahini-Joghurtsauce und K\u00fcmmelreis<\/td><td class=\"column-4\">Rindsfilet Chateaubriand an Bearnaise Sauce mit Kartoffelgratin und Gem\u00fcse<\/td><td class=\"column-5\">Apfelstrudel mit Vanillesauce<\/td>\n<\/tr>\n<tr class=\"row-12\">\n\t<td class=\"column-1\">ARG<\/td><td class=\"column-2\">N\u00fcsslersalat mit Champignons an Himbeer Vinaigrette<\/td><td class=\"column-3\">K\u00fcrbis-Maist\u00e4tschli mit Tahini-Joghurtsauce und K\u00fcmmelreis<\/td><td class=\"column-4\">Rindsfilet Chateaubriand an Bearnaise Sauce mit Kartoffelgratin und Gem\u00fcse<\/td><td class=\"column-5\">Apfelstrudel mit Vanillesauce<\/td>\n<\/tr>\n<tr class=\"row-13\">\n\t<td class=\"column-1\">KSE<\/td><td class=\"column-2\">N\u00fcsslersalat mit Champignons an Himbeer Vinaigrette<\/td><td class=\"column-3\">K\u00fcrbis-Maist\u00e4tschli mit Tahini-Joghurtsauce und K\u00fcmmelreis<\/td><td class=\"column-4\">Gem\u00fcse-Timbale mit Salsa verde, Kartoffelgratin und Gem\u00fcse<\/td><td class=\"column-5\">Apfelstrudel mit Vanillesauce<\/td>\n<\/tr>\n<tr class=\"row-14\">\n\t<td class=\"column-1\">MTA<\/td><td class=\"column-2\">N\u00fcsslersalat mit Champignons an Himbeer Vinaigrette<\/td><td class=\"column-3\">K\u00fcrbis-Maist\u00e4tschli mit Tahini-Joghurtsauce und K\u00fcmmelreis<\/td><td class=\"column-4\">Gem\u00fcse-Timbale mit Salsa verde, Kartoffelgratin und Gem\u00fcse<\/td><td class=\"column-5\">Apfelstrudel mit Vanillesauce<\/td>\n<\/tr>\n<tr class=\"row-15\">\n\t<td class=\"column-1\">RTR<\/td><td class=\"column-2\">N\u00fcsslersalat mit Champignons an Himbeer Vinaigrette<\/td><td class=\"column-3\">K\u00fcrbis-Maist\u00e4tschli mit Tahini-Joghurtsauce und K\u00fcmmelreis<\/td><td class=\"column-4\">Rindsfilet Chateaubriand an Bearnaise Sauce mit Kartoffelgratin und Gem\u00fcse<\/td><td class=\"column-5\">Apfelstrudel mit Vanillesauce<\/td>\n<\/tr>\n<tr class=\"row-16\">\n\t<td class=\"column-1\">CVE<\/td><td class=\"column-2\">N\u00fcsslersalat mit Champignons an Himbeer Vinaigrette<\/td><td class=\"column-3\">K\u00fcrbis-Maist\u00e4tschli mit Tahini-Joghurtsauce und K\u00fcmmelreis<\/td><td class=\"column-4\">Rindsfilet Chateaubriand an Bearnaise Sauce mit Kartoffelgratin und Gem\u00fcse<\/td><td class=\"column-5\">Apfelstrudel mit Vanillesauce<\/td>\n<\/tr>\n<tr class=\"row-17\">\n\t<td class=\"column-1\">SWO<\/td><td class=\"column-2\">N\u00fcsslersalat mit Champignons an Himbeer Vinaigrette<\/td><td class=\"column-3\">K\u00fcrbis-Maist\u00e4tschli mit Tahini-Joghurtsauce und K\u00fcmmelreis<\/td><td class=\"column-4\">Rindsfilet Chateaubriand an Bearnaise Sauce mit Kartoffelgratin und Gem\u00fcse<\/td><td class=\"column-5\">Apfelstrudel mit Vanillesauce<\/td>\n<\/tr>\n<tr class=\"row-18\">\n\t<td class=\"column-1\">MWA<\/td><td class=\"column-2\">N\u00fcsslersalat mit Champignons an Himbeer Vinaigrette<\/td><td class=\"column-3\">K\u00fcrbis-Maist\u00e4tschli mit Tahini-Joghurtsauce und K\u00fcmmelreis<\/td><td class=\"column-4\">Gem\u00fcse-Timbale mit Salsa verde, Kartoffelgratin und Gem\u00fcse<\/td><td class=\"column-5\">Apfelstrudel mit Vanillesauce<\/td>\n<\/tr>\n<tr class=\"row-19\">\n\t<td class=\"column-1\">SEC<\/td><td class=\"column-2\">N\u00fcsslersalat mit Champignons an Himbeer Vinaigrette<\/td><td class=\"column-3\">K\u00fcrbis-Maist\u00e4tschli mit Tahini-Joghurtsauce und K\u00fcmmelreis<\/td><td class=\"column-4\">Rindsfilet Chateaubriand an Bearnaise Sauce mit Kartoffelgratin und Gem\u00fcse<\/td><td class=\"column-5\">Apfelstrudel mit Vanillesauce<\/td>\n<\/tr>\n<tr class=\"row-20\">\n\t<td class=\"column-1\">ARS<\/td><td class=\"column-2\">N\u00fcsslersalat mit Champignons an Himbeer Vinaigrette<\/td><td class=\"column-3\">K\u00fcrbis-Maist\u00e4tschli mit Tahini-Joghurtsauce und K\u00fcmmelreis<\/td><td class=\"column-4\">Gem\u00fcse-Timbale mit Salsa verde, Kartoffelgratin und Gem\u00fcse<\/td><td class=\"column-5\">Apfelstrudel mit Vanillesauce<\/td>\n<\/tr>\n<tr class=\"row-21\">\n\t<td class=\"column-1\">MWY<\/td><td class=\"column-2\">N\u00fcsslersalat mit Champignons an Himbeer Vinaigrette<\/td><td class=\"column-3\">K\u00fcrbis-Maist\u00e4tschli mit Tahini-Joghurtsauce und K\u00fcmmelreis<\/td><td class=\"column-4\">Rindsfilet Chateaubriand an Bearnaise Sauce mit Kartoffelgratin und Gem\u00fcse<\/td><td class=\"column-5\">Apfelstrudel mit Vanillesauce<\/td>\n<\/tr>\n<tr class=\"row-22\">\n\t<td class=\"column-1\">ABA<\/td><td class=\"column-2\">N\u00fcsslersalat mit Champignons an Himbeer Vinaigrette<\/td><td class=\"column-3\">K\u00fcrbis-Maist\u00e4tschli mit Tahini-Joghurtsauce und K\u00fcmmelreis<\/td><td class=\"column-4\">Forellenfilet an Nantaise Sauce mit Kartoffeln und Gem\u00fcse<\/td><td class=\"column-5\">Apfelstrudel mit Vanillesauce<\/td>\n<\/tr>\n<tr class=\"row-23\">\n\t<td class=\"column-1\">OLB<\/td><td class=\"column-2\">N\u00fcsslersalat mit Champignons an Himbeer Vinaigrette<\/td><td class=\"column-3\">K\u00fcrbis-Maist\u00e4tschli mit Tahini-Joghurtsauce und K\u00fcmmelreis<\/td><td class=\"column-4\">Rindsfilet Chateaubriand an Bearnaise Sauce mit Kartoffelgratin und Gem\u00fcse<\/td><td class=\"column-5\">Apfelstrudel mit Vanillesauce<\/td>\n<\/tr>\n<\/tbody>\n<\/table>\n<!-- #tablepress-3 from cache -->","protected":false},"excerpt":{"rendered":"<p>Zimmereinteilung Abendessen Donnerstag Abendessen Freitag<\/p>\n","protected":false},"author":1,"featured_media":0,"parent":0,"menu_order":0,"comment_status":"closed","ping_status":"closed","template":"","meta":{"footnotes":""},"class_list":["post-24","page","type-page","status-publish","hentry"],"_links":{"self":[{"href":"https:\/\/m2.xn--broreise-65a.ch\/index.php?rest_route=\/wp\/v2\/pages\/24","targetHints":{"allow":["GET"]}}],"collection":[{"href":"https:\/\/m2.xn--broreise-65a.ch\/index.php?rest_route=\/wp\/v2\/pages"}],"about":[{"href":"https:\/\/m2.xn--broreise-65a.ch\/index.php?rest_route=\/wp\/v2\/types\/page"}],"author":[{"embeddable":true,"href":"https:\/\/m2.xn--broreise-65a.ch\/index.php?rest_route=\/wp\/v2\/users\/1"}],"replies":[{"embeddable":true,"href":"https:\/\/m2.xn--broreise-65a.ch\/index.php?rest_route=%2Fwp%2Fv2%2Fcomments&post=24"}],"version-history":[{"count":5,"href":"https:\/\/m2.xn--broreise-65a.ch\/index.php?rest_route=\/wp\/v2\/pages\/24\/revisions"}],"predecessor-version":[{"id":73,"href":"https:\/\/m2.xn--broreise-65a.ch\/index.php?rest_route=\/wp\/v2\/pages\/24\/revisions\/73"}],"wp:attachment":[{"href":"https:\/\/m2.xn--broreise-65a.ch\/index.php?rest_route=%2Fwp%2Fv2%2Fmedia&parent=24"}],"curies":[{"name":"wp","href":"https:\/\/api.w.org\/{rel}","templated":true}]}}